{"id":111,"date":"2010-11-30T21:17:47","date_gmt":"2010-11-30T21:17:47","guid":{"rendered":"http:\/\/tg-rudersdorf.de\/?page_id=111"},"modified":"2016-11-04T19:19:57","modified_gmt":"2016-11-04T19:19:57","slug":"vorschulturnen","status":"publish","type":"page","link":"https:\/\/tg-rudersdorf.de\/?page_id=111","title":{"rendered":"Vorschulturnen"},"content":{"rendered":"<p>Hallo Eltern,<\/p>\n<p style=\"text-align: justify;\">beim Vorschultunen arbeite wir mit verschiedenen Themenbereiche: Gymnastik, Koordinationsspiele, Ger\u00e4telandschaften, Entspannung und Schulger\u00e4tesport.<\/p>\n<p style=\"text-align: justify;\">Mit Spiel und Spa\u00df soll so die motorische Entwicklung der Kinder gef\u00f6rdert und gefestigt werden. Turnen ist ein wichtiger Baustein in der Entwicklung ihres Kindes.<\/p>\n<p>Na, Lust zum Turnen? Dann kommt vorbei.<\/p>\n<p>Eure\u00a0<a href=\"https:\/\/tg-rudersdorf.de\/?page_id=98\">Sandra Heitze und Mareen Kraft\u00a0<\/a><\/p>\n<p><a title=\"Das Wann und Wo findet ihr hier!\" href=\"..\/?page_id=38\">Zeit und Ort<\/a><\/p>\n","protected":false},"excerpt":{"rendered":"<p>Hallo Eltern, beim Vorschultunen arbeite wir mit verschiedenen Themenbereiche: Gymnastik, Koordinationsspiele, Ger\u00e4telandschaften, Entspannung und Schulger\u00e4tesport. Mit Spiel und Spa\u00df soll so die motorische Entwicklung der Kinder gef\u00f6rdert und gefestigt werden. Turnen ist ein wichtiger Baustein in der Entwicklung ihres Kindes. Na, Lust zum Turnen? Dann kommt vorbei. Eure\u00a0Sandra Heitze und Mareen Kraft\u00a0 Zeit und Ort<\/p>\n","protected":false},"author":1,"featured_media":0,"parent":17,"menu_order":0,"comment_status":"closed","ping_status":"closed","template":"","meta":{"ngg_post_thumbnail":0,"footnotes":""},"class_list":["post-111","page","type-page","status-publish","hentry"],"_links":{"self":[{"href":"https:\/\/tg-rudersdorf.de\/index.php?rest_route=\/wp\/v2\/pages\/111","targetHints":{"allow":["GET"]}}],"collection":[{"href":"https:\/\/tg-rudersdorf.de\/index.php?rest_route=\/wp\/v2\/pages"}],"about":[{"href":"https:\/\/tg-rudersdorf.de\/index.php?rest_route=\/wp\/v2\/types\/page"}],"author":[{"embeddable":true,"href":"https:\/\/tg-rudersdorf.de\/index.php?rest_route=\/wp\/v2\/users\/1"}],"replies":[{"embeddable":true,"href":"https:\/\/tg-rudersdorf.de\/index.php?rest_route=%2Fwp%2Fv2%2Fcomments&post=111"}],"version-history":[{"count":11,"href":"https:\/\/tg-rudersdorf.de\/index.php?rest_route=\/wp\/v2\/pages\/111\/revisions"}],"predecessor-version":[{"id":1573,"href":"https:\/\/tg-rudersdorf.de\/index.php?rest_route=\/wp\/v2\/pages\/111\/revisions\/1573"}],"up":[{"embeddable":true,"href":"https:\/\/tg-rudersdorf.de\/index.php?rest_route=\/wp\/v2\/pages\/17"}],"wp:attachment":[{"href":"https:\/\/tg-rudersdorf.de\/index.php?rest_route=%2Fwp%2Fv2%2Fmedia&parent=111"}],"curies":[{"name":"wp","href":"https:\/\/api.w.org\/{rel}","templated":true}]}}