{"id":15,"date":"2010-10-21T05:14:34","date_gmt":"2010-10-21T05:14:34","guid":{"rendered":"http:\/\/tg-rudersdorf.de\/?page_id=15"},"modified":"2012-03-07T09:53:39","modified_gmt":"2012-03-07T09:53:39","slug":"historie","status":"publish","type":"page","link":"https:\/\/tg-rudersdorf.de\/?page_id=15","title":{"rendered":"Chronik der Turngemeinschaft Rudersdorf"},"content":{"rendered":"<p style=\"text-align: justify;\" lang=\"de-DE\">Um \u00f6ffentliche Mittel f\u00fcr den weiteren Ausbau des Hauses Heimat zu erhalten, wurde dem Verein \u201eHeimat e.V.&#8220; oder einem anderen Ortsverein zur Auflage gemacht, eine Turnabteilung ins Leben zu rufen. Gespr\u00e4che mit dem damaligen SV Rudersdorf f\u00fchrten zu keinem Ergebnis, so da\u00df der Vorsitzende des Vereins \u201eHeimat e.V.&#8220;, Dr. Josef Wagener, mit Willi Schneider und sp\u00e4ter auch mit Werner Spies und G\u00fcnther Krumm Gespr\u00e4che wegen der Gr\u00fcndung einer Trunabteilung f\u00fchrte. Diese stimmten sofort zu, zumal sie schon fr\u00fcher in Turnvereinen aktiv waren.<\/p>\n<p style=\"text-align: justify;\" lang=\"de-DE\">Als im Fr\u00fchjahr 1960 im Haus Heimat der Fu\u00dfboden verlegt wurde, besorgte Willi Schneider schon vorsorglich die Fu\u00dfbodenverankerungen f\u00fcr Ringe und Reck.<\/p>\n<p style=\"text-align: justify;\" lang=\"de-DE\">Am 13.6.1961 hielt dann Dr. Josef Wagner die Gr\u00fcndungsversammlung ab. Als Vertreter des Siegerlandturngaues war Fritz Schneider aus Niederscheiden anwesend. Die Versammlung wurde von 35 Personen besucht. Der neue Verein nannte sich \u201eTurngemeinschaft Heimat e.V.&#8220;.<\/p>\n<p style=\"text-align: justify;\" lang=\"de-DE\">Am 20.6. fand bereits die erste Turnstunde statt, die von Fritz Schneider geleitet wurde. Danach leiteten Werner Spies und Willi Schneider die \u00dcbungsstunden bei den Turnern. Die Turnerinnenabteilung wurde zun\u00e4chst von \u00dcbungsleiterinnen der Turngemeinschaft \u201eFriesen&#8220; aus Klafeld-Geisweid unterst\u00fctzt, bis sich Turnschwester Hildegard Spies eingearbeitet hatte.<\/p>\n<p style=\"text-align: justify;\" lang=\"de-DE\">Am 9.7. stellte die Turngemeinschaft erstmals 2 Wettk\u00e4mpfer beim Gillerbergfest. Es waren dies Bernd Ax und Walter Kettner. Am 16.9. starb leider allzufr\u00fch Dr. Josef Wagener. Der Gaukultur-wart des Siegerland-Turngaues, Rektor Busch aus Geisweid, hielt eine w\u00fcrdige Grabrede. Am 3.12. wurde auf Antrag der Oberturnwart oder sein Stellvertreter in das Kuratorium des \u201eVereins Heimet e.V.&#8220; als nicht stimmberechtigtes Mitglied aufgenommen.<\/p>\n<p style=\"text-align: justify;\" lang=\"de-DE\">In diesem Gr\u00fcndungsjahr beteiligten sich bei Turnerinnen und Turnern im Durchschnitt 15 Personen an den \u00dcbungsstunden.<\/p>\n<p style=\"text-align: justify;\">Den ersten \u00f6ffentlichen Auftritt in Rudersdorf hatte die Turngemeinschaft am 18.2.1962. Bei der Familienfeier der Sch\u00fctzenbruderschaft zeigten die Turner beim Bock- und Kastenspringen ihr K\u00f6nnen. Die Turngemeinschaft wurde am 24.3. w\u00e4hrend des Gauturntages in Buschh\u00fctten feierlich in den Deutschen Turnerbund aufgenommen. In diesem Fr\u00fchjahr wurde auch bereits mit dem Kinderturnert begonnen.<\/p>\n<p style=\"text-align: justify;\">(soweit aus der Festschrif: &#8222;25 Jahre Turngemeinschft Rudersdorf 1961 &#8211; 1986&#8220;)<\/p>\n<p style=\"text-align: justify;\">&#8230;<\/p>\n<p style=\"text-align: justify;\">Auch schon &#8222;Geschichte&#8220; ist der Karneval 2012. Da wir die langj\u00e4hrige Tradition der Kinder-Nikolausfeier im Jahr 2010 zum letzten Mal durchgef\u00fchrt hatten. Haben wir im Februar 2012 zum ersten Mal einen Kinderkarneval veranstaltet.<\/p>\n<p style=\"text-align: justify;\">Der Spa\u00df und die strahlenden Kinderaugen, nicht zuletzt durch die Darbietung des Zauberers Thorsten Rosenthal, haben uns best\u00e4rkt diese Neuerung auch im n\u00e4chsten Jahr fortzuf\u00fchren.<\/p>\n","protected":false},"excerpt":{"rendered":"<p>Um \u00f6ffentliche Mittel f\u00fcr den weiteren Ausbau des Hauses Heimat zu erhalten, wurde dem Verein \u201eHeimat e.V.&#8220; oder einem anderen Ortsverein zur Auflage gemacht, eine Turnabteilung ins Leben zu rufen. Gespr\u00e4che mit dem damaligen SV Rudersdorf f\u00fchrten zu keinem Ergebnis, so da\u00df der Vorsitzende des Vereins \u201eHeimat e.V.&#8220;, Dr. Josef Wagener, mit Willi Schneider und [&hellip;]<\/p>\n","protected":false},"author":1,"featured_media":0,"parent":5,"menu_order":0,"comment_status":"closed","ping_status":"closed","template":"","meta":{"ngg_post_thumbnail":0,"footnotes":""},"class_list":["post-15","page","type-page","status-publish","hentry"],"_links":{"self":[{"href":"https:\/\/tg-rudersdorf.de\/index.php?rest_route=\/wp\/v2\/pages\/15","targetHints":{"allow":["GET"]}}],"collection":[{"href":"https:\/\/tg-rudersdorf.de\/index.php?rest_route=\/wp\/v2\/pages"}],"about":[{"href":"https:\/\/tg-rudersdorf.de\/index.php?rest_route=\/wp\/v2\/types\/page"}],"author":[{"embeddable":true,"href":"https:\/\/tg-rudersdorf.de\/index.php?rest_route=\/wp\/v2\/users\/1"}],"replies":[{"embeddable":true,"href":"https:\/\/tg-rudersdorf.de\/index.php?rest_route=%2Fwp%2Fv2%2Fcomments&post=15"}],"version-history":[{"count":8,"href":"https:\/\/tg-rudersdorf.de\/index.php?rest_route=\/wp\/v2\/pages\/15\/revisions"}],"predecessor-version":[{"id":54,"href":"https:\/\/tg-rudersdorf.de\/index.php?rest_route=\/wp\/v2\/pages\/15\/revisions\/54"}],"up":[{"embeddable":true,"href":"https:\/\/tg-rudersdorf.de\/index.php?rest_route=\/wp\/v2\/pages\/5"}],"wp:attachment":[{"href":"https:\/\/tg-rudersdorf.de\/index.php?rest_route=%2Fwp%2Fv2%2Fmedia&parent=15"}],"curies":[{"name":"wp","href":"https:\/\/api.w.org\/{rel}","templated":true}]}}