{"id":26,"date":"2010-10-21T15:04:40","date_gmt":"2010-10-21T15:04:40","guid":{"rendered":"http:\/\/tg-rudersdorf.de\/?page_id=26"},"modified":"2024-02-24T10:05:46","modified_gmt":"2024-02-24T10:05:46","slug":"impressum","status":"publish","type":"page","link":"https:\/\/tg-rudersdorf.de\/?page_id=26","title":{"rendered":"Impressum"},"content":{"rendered":"<address><strong>Turngemeinschaft Rudersdorf e.V.<br \/>\n<\/strong><\/address>\n<address>Bahnhofstra\u00dfe 18<br \/>\n57234 Wilnsdorf<\/address>\n<address>Telefon: 02737\/91551<\/address>\n<address>eMail: info @ tg-rudersdorf .de<\/address>\n<address>&nbsp;<\/address>\n<address>&nbsp;<\/address>\n<address>&nbsp;<\/address>\n<address><strong>Vertretungsberechtigter Vorstand<\/strong><\/address>\n<address>Volker Bartoldus, Marianne Brenner (Gesch\u00e4ftsf\u00fchrerin),&nbsp; Katja Volprecht<\/address>\n<address>&nbsp;<\/address>\n<address>&nbsp;<\/address>\n<address>&nbsp;<\/address>\n<address><strong>Inhaltlich Verantwortliche<\/strong><\/address>\n<address>Marianne Brenner<\/address>\n<address>&nbsp;<\/address>\n<address>Bahnhofstra\u00dfe 18<br \/>\n57234 Wilnsdorf<\/address>\n<address>Telefon: 02737\/91551<\/address>\n<address>eMail: brenner-jochen @ t-online.de<\/address>\n<address>&nbsp;<\/address>\n<address>&nbsp;<\/address>\n<address>&nbsp;<\/address>\n<address><strong>Eingetragener Verein<\/strong><\/address>\n<address>Amtsgericht Siegen VR 1435<\/address>\n<address><strong>&nbsp;<\/strong><\/address>\n<address><strong>&nbsp;<\/strong><\/address>\n<address><strong>Haftungs<\/strong><strong>-, Benuzungs<\/strong><strong>hinweise und Copyright<\/strong><\/address>\n<address style=\"text-align: justify;\">Die Turngemeinschaft Rudersdorf e.V., kurz TG Rudersdorf, h\u00e4lt die eingestellten Informationen nach besten Kr\u00e4ften auf dem jeweils aktuellen Stand. Wir \u00fcbernehmen jedoch keine Haftung f\u00fcr die Vollst\u00e4ndigkeit und Richtigkeit der Inhalte.<\/address>\n<address style=\"text-align: justify;\">&nbsp;<\/address>\n<address style=\"text-align: justify;\">&nbsp;<\/address>\n<address style=\"text-align: justify;\">&nbsp;<\/address>\n<address style=\"text-align: justify;\">Alle Rechte des Online-Auftritts (Server: www.tg-rudersdorf.de) bleiben vorbehalten. Die Inhalte der Website sind ausschlie\u00dflich f\u00fcr den pers\u00f6nlichen Bedarf zu nutzen. Das unautorisierte Kopieren, Weiterverwenden oder Ver\u00e4ndern der Website ist nicht gestattet.<\/address>\n<address style=\"text-align: justify;\">Alle Bilder dieser Webseite sind urheberrechtlich gesch\u00fctzt. Die Verwendung ist honorarpflichtig. Eine Entstellung des urheberrechtlich gesch\u00fctzten Werks in irgendeiner Form, z.B. durch Abzeichnen, Ausdrucken, Nachfotografieren, Fotocomposing, elektronische Hilfsmittel, Vervielf\u00e4ltigung oder anderweitige Verwendung der Fotos, ist ohne ausdr\u00fcckliche schriftliche Genehmigung des Urhebers nicht gestattet.<\/address>\n","protected":false},"excerpt":{"rendered":"<p>Turngemeinschaft Rudersdorf e.V. Bahnhofstra\u00dfe 18 57234 Wilnsdorf Telefon: 02737\/91551 eMail: info @ tg-rudersdorf .de &nbsp; &nbsp; &nbsp; Vertretungsberechtigter Vorstand Volker Bartoldus, Marianne Brenner (Gesch\u00e4ftsf\u00fchrerin),&nbsp; Katja Volprecht &nbsp; &nbsp; &nbsp; Inhaltlich Verantwortliche Marianne Brenner &nbsp; Bahnhofstra\u00dfe 18 57234 Wilnsdorf Telefon: 02737\/91551 eMail: brenner-jochen @ t-online.de &nbsp; &nbsp; &nbsp; Eingetragener Verein Amtsgericht Siegen VR 1435 &nbsp; &nbsp; [&hellip;]<\/p>\n","protected":false},"author":1,"featured_media":0,"parent":0,"menu_order":0,"comment_status":"closed","ping_status":"closed","template":"","meta":{"ngg_post_thumbnail":0,"footnotes":""},"class_list":["post-26","page","type-page","status-publish","hentry"],"_links":{"self":[{"href":"https:\/\/tg-rudersdorf.de\/index.php?rest_route=\/wp\/v2\/pages\/26","targetHints":{"allow":["GET"]}}],"collection":[{"href":"https:\/\/tg-rudersdorf.de\/index.php?rest_route=\/wp\/v2\/pages"}],"about":[{"href":"https:\/\/tg-rudersdorf.de\/index.php?rest_route=\/wp\/v2\/types\/page"}],"author":[{"embeddable":true,"href":"https:\/\/tg-rudersdorf.de\/index.php?rest_route=\/wp\/v2\/users\/1"}],"replies":[{"embeddable":true,"href":"https:\/\/tg-rudersdorf.de\/index.php?rest_route=%2Fwp%2Fv2%2Fcomments&post=26"}],"version-history":[{"count":17,"href":"https:\/\/tg-rudersdorf.de\/index.php?rest_route=\/wp\/v2\/pages\/26\/revisions"}],"predecessor-version":[{"id":1944,"href":"https:\/\/tg-rudersdorf.de\/index.php?rest_route=\/wp\/v2\/pages\/26\/revisions\/1944"}],"wp:attachment":[{"href":"https:\/\/tg-rudersdorf.de\/index.php?rest_route=%2Fwp%2Fv2%2Fmedia&parent=26"}],"curies":[{"name":"wp","href":"https:\/\/api.w.org\/{rel}","templated":true}]}}