{"id":400,"date":"2012-11-27T08:10:21","date_gmt":"2012-11-27T08:10:21","guid":{"rendered":"http:\/\/tg-rudersdorf.de\/?page_id=400"},"modified":"2026-03-11T12:05:57","modified_gmt":"2026-03-11T11:05:57","slug":"downloads","status":"publish","type":"page","link":"https:\/\/tg-rudersdorf.de\/?page_id=400","title":{"rendered":"Downloads"},"content":{"rendered":"<div id=\"attachment_2067\" style=\"width: 1300px\" class=\"wp-caption alignnone\"><a href=\"https:\/\/tg-rudersdorf.de\/wp-content\/uploads\/2026\/02\/IMG_0490.jpeg\"><img loading=\"lazy\" decoding=\"async\" aria-describedby=\"caption-attachment-2067\" class=\"size-full wp-image-2067\" src=\"https:\/\/tg-rudersdorf.de\/wp-content\/uploads\/2026\/02\/IMG_0490.jpeg\" alt=\"\" width=\"1290\" height=\"1771\" srcset=\"https:\/\/tg-rudersdorf.de\/wp-content\/uploads\/2026\/02\/IMG_0490.jpeg 1290w, https:\/\/tg-rudersdorf.de\/wp-content\/uploads\/2026\/02\/IMG_0490-219x300.jpeg 219w, https:\/\/tg-rudersdorf.de\/wp-content\/uploads\/2026\/02\/IMG_0490-746x1024.jpeg 746w, https:\/\/tg-rudersdorf.de\/wp-content\/uploads\/2026\/02\/IMG_0490-768x1054.jpeg 768w, https:\/\/tg-rudersdorf.de\/wp-content\/uploads\/2026\/02\/IMG_0490-1119x1536.jpeg 1119w, https:\/\/tg-rudersdorf.de\/wp-content\/uploads\/2026\/02\/IMG_0490-624x857.jpeg 624w\" sizes=\"auto, (max-width: 1290px) 100vw, 1290px\" \/><\/a><p id=\"caption-attachment-2067\" class=\"wp-caption-text\">Screenshot<\/p><\/div>\n<p>&nbsp;<\/p>\n<p>Hier k\u00f6nnen sie folgende Dokumente herunterladen:<\/p>\n<p><a href=\"https:\/\/tg-rudersdorf.de\/wp-content\/uploads\/2026\/02\/TG-Beitrittserklaerung-2026-mit-DSGVO.doc\">TG Beitrittserkl\u00e4rung 2026 mit DSGVO<\/a><\/p>\n<p><a href=\"https:\/\/tg-rudersdorf.de\/wp-content\/uploads\/2026\/03\/TG-Beitrittserklaerung-2026-mit-DSGVO.pdf\">TG Beitrittserkl\u00e4rung 2026 mit DSGVO<\/a> als PDF<\/p>\n<p>Die neue <a href=\"https:\/\/tg-rudersdorf.de\/wp-content\/uploads\/2012\/11\/Satzung-2016.pdf\">Satzung <\/a><\/p>\n<p>&nbsp;<\/p>\n\n\n<p><\/p>\n","protected":false},"excerpt":{"rendered":"<p>&nbsp; Hier k\u00f6nnen sie folgende Dokumente herunterladen: TG Beitrittserkl\u00e4rung 2026 mit DSGVO TG Beitrittserkl\u00e4rung 2026 mit DSGVO als PDF Die neue Satzung &nbsp;<\/p>\n","protected":false},"author":1,"featured_media":0,"parent":0,"menu_order":0,"comment_status":"closed","ping_status":"closed","template":"","meta":{"ngg_post_thumbnail":0,"footnotes":""},"class_list":["post-400","page","type-page","status-publish","hentry"],"_links":{"self":[{"href":"https:\/\/tg-rudersdorf.de\/index.php?rest_route=\/wp\/v2\/pages\/400","targetHints":{"allow":["GET"]}}],"collection":[{"href":"https:\/\/tg-rudersdorf.de\/index.php?rest_route=\/wp\/v2\/pages"}],"about":[{"href":"https:\/\/tg-rudersdorf.de\/index.php?rest_route=\/wp\/v2\/types\/page"}],"author":[{"embeddable":true,"href":"https:\/\/tg-rudersdorf.de\/index.php?rest_route=\/wp\/v2\/users\/1"}],"replies":[{"embeddable":true,"href":"https:\/\/tg-rudersdorf.de\/index.php?rest_route=%2Fwp%2Fv2%2Fcomments&post=400"}],"version-history":[{"count":38,"href":"https:\/\/tg-rudersdorf.de\/index.php?rest_route=\/wp\/v2\/pages\/400\/revisions"}],"predecessor-version":[{"id":2079,"href":"https:\/\/tg-rudersdorf.de\/index.php?rest_route=\/wp\/v2\/pages\/400\/revisions\/2079"}],"wp:attachment":[{"href":"https:\/\/tg-rudersdorf.de\/index.php?rest_route=%2Fwp%2Fv2%2Fmedia&parent=400"}],"curies":[{"name":"wp","href":"https:\/\/api.w.org\/{rel}","templated":true}]}}