{"id":455,"date":"2013-06-25T19:34:41","date_gmt":"2013-06-25T19:34:41","guid":{"rendered":"http:\/\/tg-rudersdorf.de\/?page_id=455"},"modified":"2025-12-11T14:59:32","modified_gmt":"2025-12-11T13:59:32","slug":"pilates","status":"publish","type":"page","link":"https:\/\/tg-rudersdorf.de\/?page_id=455","title":{"rendered":"Pilates"},"content":{"rendered":"<p>Sanftes K\u00f6rpertraining f\u00fcr K\u00f6rper, Geist und Wohlbefinden.. Ihr wollt nach einem langen Tag den Stress hinter euch lassen, zur Ruhe kommen und Gutes f\u00fcr eure Figur tun? Dann seid ihr hier richtig! Pilates ist ein systematisches Ganzk\u00f6rpertraining f\u00fcr Jung und Alt zur Kr\u00e4ftigung der tiefer liegenden Muskulatur, prim\u00e4r der Beckenboden-, Bauch- und R\u00fcckenmuskulatur. Sagt den R\u00fcckenschmerzen ade, versprochen. Kommt einfach vorbei und probiert\u2019s aus, JEDER ist herzlich willkommen \ud83e\udd17&nbsp;<\/p>\n<p>&nbsp;<\/p>\n<p>\u00dcbungsleiterin:<\/p>\n<p>Regine B\u00f6nisch<\/p>\n<p>&nbsp;<\/p>\n<p>Zeit\/ Ort:<\/p>\n<p>&nbsp;<\/p>\n<p>Mittwoch, 19:15 &#8211; 20:15 Uhr in der Fr. Chr. Schule Rudersdorf<\/p>\n\n\n<p><\/p>\n","protected":false},"excerpt":{"rendered":"<p>Sanftes K\u00f6rpertraining f\u00fcr K\u00f6rper, Geist und Wohlbefinden.. Ihr wollt nach einem langen Tag den Stress hinter euch lassen, zur Ruhe kommen und Gutes f\u00fcr eure Figur tun? Dann seid ihr hier richtig! Pilates ist ein systematisches Ganzk\u00f6rpertraining f\u00fcr Jung und Alt zur Kr\u00e4ftigung der tiefer liegenden Muskulatur, prim\u00e4r der Beckenboden-, Bauch- und R\u00fcckenmuskulatur. Sagt den [&hellip;]<\/p>\n","protected":false},"author":1,"featured_media":0,"parent":17,"menu_order":0,"comment_status":"closed","ping_status":"closed","template":"","meta":{"ngg_post_thumbnail":0,"footnotes":""},"class_list":["post-455","page","type-page","status-publish","hentry"],"_links":{"self":[{"href":"https:\/\/tg-rudersdorf.de\/index.php?rest_route=\/wp\/v2\/pages\/455","targetHints":{"allow":["GET"]}}],"collection":[{"href":"https:\/\/tg-rudersdorf.de\/index.php?rest_route=\/wp\/v2\/pages"}],"about":[{"href":"https:\/\/tg-rudersdorf.de\/index.php?rest_route=\/wp\/v2\/types\/page"}],"author":[{"embeddable":true,"href":"https:\/\/tg-rudersdorf.de\/index.php?rest_route=\/wp\/v2\/users\/1"}],"replies":[{"embeddable":true,"href":"https:\/\/tg-rudersdorf.de\/index.php?rest_route=%2Fwp%2Fv2%2Fcomments&post=455"}],"version-history":[{"count":11,"href":"https:\/\/tg-rudersdorf.de\/index.php?rest_route=\/wp\/v2\/pages\/455\/revisions"}],"predecessor-version":[{"id":2035,"href":"https:\/\/tg-rudersdorf.de\/index.php?rest_route=\/wp\/v2\/pages\/455\/revisions\/2035"}],"up":[{"embeddable":true,"href":"https:\/\/tg-rudersdorf.de\/index.php?rest_route=\/wp\/v2\/pages\/17"}],"wp:attachment":[{"href":"https:\/\/tg-rudersdorf.de\/index.php?rest_route=%2Fwp%2Fv2%2Fmedia&parent=455"}],"curies":[{"name":"wp","href":"https:\/\/api.w.org\/{rel}","templated":true}]}}