{"id":57,"date":"2010-11-29T20:15:53","date_gmt":"2010-11-29T20:15:53","guid":{"rendered":"http:\/\/tg-rudersdorf.de\/?page_id=57"},"modified":"2016-11-04T19:16:50","modified_gmt":"2016-11-04T19:16:50","slug":"jogging-walking","status":"publish","type":"page","link":"https:\/\/tg-rudersdorf.de\/?page_id=57","title":{"rendered":"Jogging-Walking"},"content":{"rendered":"<p style=\"text-align: justify;\">Wir sind eine gemischte Gruppe im Alter von 35 bis 60 Jahre. Unser Ziel ist es, unsere Fitne\u00df zu erhalten. Dazu walken wir mit und ohne St\u00f6cke eine Strecken von ca. 7-8 km. Im Sommer im Wald und im Winter eine beleuchtete Streck.<\/p>\n<p>Beim Joggen betr\u00e4gt die Strecke ca. 10 km oder mehr.<\/p>\n<p>Laufstrecken<\/p>\n<ul>\n<li>Rudersdorf<\/li>\n<li>Wilgersdorf<\/li>\n<li>Wilnsdorf<\/li>\n<li>Oberdielfen<\/li>\n<\/ul>\n<p>Wir laufen und walken bei jedem Wetter.<br \/>\nEinstieg kann man zu jeder \u00dcbungsstunde!<\/p>\n<p>\u00dcbungsleiter: Renate Pistor, Elke Schmelzer, Ingrid Ebener und Sabine Dickel<\/p>\n<p><a title=\"Alle Zeiten im \u00dcberblick\" href=\"https:\/\/tg-rudersdorf.de\/?page_id=38\">Zeit und Ort<\/a><\/p>\n","protected":false},"excerpt":{"rendered":"<p>Wir sind eine gemischte Gruppe im Alter von 35 bis 60 Jahre. Unser Ziel ist es, unsere Fitne\u00df zu erhalten. Dazu walken wir mit und ohne St\u00f6cke eine Strecken von ca. 7-8 km. Im Sommer im Wald und im Winter eine beleuchtete Streck. Beim Joggen betr\u00e4gt die Strecke ca. 10 km oder mehr. Laufstrecken Rudersdorf [&hellip;]<\/p>\n","protected":false},"author":1,"featured_media":0,"parent":17,"menu_order":0,"comment_status":"closed","ping_status":"closed","template":"","meta":{"ngg_post_thumbnail":0,"footnotes":""},"class_list":["post-57","page","type-page","status-publish","hentry"],"_links":{"self":[{"href":"https:\/\/tg-rudersdorf.de\/index.php?rest_route=\/wp\/v2\/pages\/57","targetHints":{"allow":["GET"]}}],"collection":[{"href":"https:\/\/tg-rudersdorf.de\/index.php?rest_route=\/wp\/v2\/pages"}],"about":[{"href":"https:\/\/tg-rudersdorf.de\/index.php?rest_route=\/wp\/v2\/types\/page"}],"author":[{"embeddable":true,"href":"https:\/\/tg-rudersdorf.de\/index.php?rest_route=\/wp\/v2\/users\/1"}],"replies":[{"embeddable":true,"href":"https:\/\/tg-rudersdorf.de\/index.php?rest_route=%2Fwp%2Fv2%2Fcomments&post=57"}],"version-history":[{"count":10,"href":"https:\/\/tg-rudersdorf.de\/index.php?rest_route=\/wp\/v2\/pages\/57\/revisions"}],"predecessor-version":[{"id":1569,"href":"https:\/\/tg-rudersdorf.de\/index.php?rest_route=\/wp\/v2\/pages\/57\/revisions\/1569"}],"up":[{"embeddable":true,"href":"https:\/\/tg-rudersdorf.de\/index.php?rest_route=\/wp\/v2\/pages\/17"}],"wp:attachment":[{"href":"https:\/\/tg-rudersdorf.de\/index.php?rest_route=%2Fwp%2Fv2%2Fmedia&parent=57"}],"curies":[{"name":"wp","href":"https:\/\/api.w.org\/{rel}","templated":true}]}}