{"id":63,"date":"2010-11-29T20:26:47","date_gmt":"2010-11-29T20:26:47","guid":{"rendered":"http:\/\/tg-rudersdorf.de\/?page_id=63"},"modified":"2024-03-18T15:20:14","modified_gmt":"2024-03-18T15:20:14","slug":"donnerstagsgruppe","status":"publish","type":"page","link":"https:\/\/tg-rudersdorf.de\/?page_id=63","title":{"rendered":"Zirkeltraining und Ballspiele M\u00e4nner"},"content":{"rendered":"<p style=\"text-align: justify;\">Wir sind zwischen 30 -55 Jahre jung, und unser Ziel ist es, die k\u00f6rperlichen Fitness zu erhalten und zu verbessern. Der Einstieg ist zu jeder \u00dcbungsstunde m\u00f6glich!<\/p>\n<p style=\"text-align: justify;\">&nbsp;<\/p>\n<p>Trainingsplan:<br \/>\nwarm up:<br \/>\n20 Uhr Laufen ca. 3 km asph. Wege (freiw.)<br \/>\n20.15-20.45 Basketball<br \/>\n20.15-21.10 Kondition-Gymnastik<br \/>\n21.10-21.45 Zirkeltraining<br \/>\ncool down:<br \/>\n21.45-22.00 Uhr Basketball<\/p>\n<p>&nbsp;<\/p>\n<p class=\"p2\"><span class=\"s1\"><b>Zikeltraining und Ballspiele Do. 20:15-22:00 Uhr<\/b><\/span><\/p>\n<p class=\"p4\"><a href=\"https:\/\/tg-rudersdorf.de\/wp-content\/uploads\/2024\/03\/Screenshot_20240318_160902_Outlook.jpg\"><img loading=\"lazy\" decoding=\"async\" class=\"alignnone size-full wp-image-1947\" src=\"https:\/\/tg-rudersdorf.de\/wp-content\/uploads\/2024\/03\/Screenshot_20240318_160902_Outlook.jpg\" alt=\"\" width=\"1080\" height=\"824\" srcset=\"https:\/\/tg-rudersdorf.de\/wp-content\/uploads\/2024\/03\/Screenshot_20240318_160902_Outlook.jpg 1080w, https:\/\/tg-rudersdorf.de\/wp-content\/uploads\/2024\/03\/Screenshot_20240318_160902_Outlook-300x229.jpg 300w, https:\/\/tg-rudersdorf.de\/wp-content\/uploads\/2024\/03\/Screenshot_20240318_160902_Outlook-1024x781.jpg 1024w, https:\/\/tg-rudersdorf.de\/wp-content\/uploads\/2024\/03\/Screenshot_20240318_160902_Outlook-768x586.jpg 768w, https:\/\/tg-rudersdorf.de\/wp-content\/uploads\/2024\/03\/Screenshot_20240318_160902_Outlook-624x476.jpg 624w\" sizes=\"auto, (max-width: 1080px) 100vw, 1080px\" \/><\/a> <a href=\"https:\/\/tg-rudersdorf.de\/wp-content\/uploads\/2024\/03\/Screenshot_20240318_160922_Outlook.jpg\"><img loading=\"lazy\" decoding=\"async\" class=\"alignnone size-full wp-image-1948\" src=\"https:\/\/tg-rudersdorf.de\/wp-content\/uploads\/2024\/03\/Screenshot_20240318_160922_Outlook.jpg\" alt=\"\" width=\"1059\" height=\"734\" srcset=\"https:\/\/tg-rudersdorf.de\/wp-content\/uploads\/2024\/03\/Screenshot_20240318_160922_Outlook.jpg 1059w, https:\/\/tg-rudersdorf.de\/wp-content\/uploads\/2024\/03\/Screenshot_20240318_160922_Outlook-300x208.jpg 300w, https:\/\/tg-rudersdorf.de\/wp-content\/uploads\/2024\/03\/Screenshot_20240318_160922_Outlook-1024x710.jpg 1024w, https:\/\/tg-rudersdorf.de\/wp-content\/uploads\/2024\/03\/Screenshot_20240318_160922_Outlook-768x532.jpg 768w, https:\/\/tg-rudersdorf.de\/wp-content\/uploads\/2024\/03\/Screenshot_20240318_160922_Outlook-624x432.jpg 624w\" sizes=\"auto, (max-width: 1059px) 100vw, 1059px\" \/><\/a> <a href=\"https:\/\/tg-rudersdorf.de\/wp-content\/uploads\/2024\/03\/Screenshot_20240318_160946_Outlook.jpg\"><img loading=\"lazy\" decoding=\"async\" class=\"alignnone size-full wp-image-1949\" src=\"https:\/\/tg-rudersdorf.de\/wp-content\/uploads\/2024\/03\/Screenshot_20240318_160946_Outlook.jpg\" alt=\"\" width=\"1080\" height=\"817\" srcset=\"https:\/\/tg-rudersdorf.de\/wp-content\/uploads\/2024\/03\/Screenshot_20240318_160946_Outlook.jpg 1080w, https:\/\/tg-rudersdorf.de\/wp-content\/uploads\/2024\/03\/Screenshot_20240318_160946_Outlook-300x227.jpg 300w, https:\/\/tg-rudersdorf.de\/wp-content\/uploads\/2024\/03\/Screenshot_20240318_160946_Outlook-1024x775.jpg 1024w, https:\/\/tg-rudersdorf.de\/wp-content\/uploads\/2024\/03\/Screenshot_20240318_160946_Outlook-768x581.jpg 768w, https:\/\/tg-rudersdorf.de\/wp-content\/uploads\/2024\/03\/Screenshot_20240318_160946_Outlook-624x472.jpg 624w\" sizes=\"auto, (max-width: 1080px) 100vw, 1080px\" \/><\/a> <a href=\"https:\/\/tg-rudersdorf.de\/wp-content\/uploads\/2024\/03\/Screenshot_20240318_161028_Outlook.jpg\"><img loading=\"lazy\" decoding=\"async\" class=\"alignnone size-full wp-image-1950\" src=\"https:\/\/tg-rudersdorf.de\/wp-content\/uploads\/2024\/03\/Screenshot_20240318_161028_Outlook.jpg\" alt=\"\" width=\"1080\" height=\"813\" srcset=\"https:\/\/tg-rudersdorf.de\/wp-content\/uploads\/2024\/03\/Screenshot_20240318_161028_Outlook.jpg 1080w, https:\/\/tg-rudersdorf.de\/wp-content\/uploads\/2024\/03\/Screenshot_20240318_161028_Outlook-300x226.jpg 300w, https:\/\/tg-rudersdorf.de\/wp-content\/uploads\/2024\/03\/Screenshot_20240318_161028_Outlook-1024x771.jpg 1024w, https:\/\/tg-rudersdorf.de\/wp-content\/uploads\/2024\/03\/Screenshot_20240318_161028_Outlook-768x578.jpg 768w, https:\/\/tg-rudersdorf.de\/wp-content\/uploads\/2024\/03\/Screenshot_20240318_161028_Outlook-624x470.jpg 624w\" sizes=\"auto, (max-width: 1080px) 100vw, 1080px\" \/><\/a><\/p>\n<p>\u00dcbungsleiter: Michael L\u00f6hr<\/p>\n<p style=\"text-align: left;\"><a title=\"Das Wann und Wo steht hier!\" href=\"..\/?page_id=38\" data-wplink-edit=\"true\">Zeit und Ort<\/a><\/p>\n","protected":false},"excerpt":{"rendered":"<p>Wir sind zwischen 30 -55 Jahre jung, und unser Ziel ist es, die k\u00f6rperlichen Fitness zu erhalten und zu verbessern. Der Einstieg ist zu jeder \u00dcbungsstunde m\u00f6glich! &nbsp; Trainingsplan: warm up: 20 Uhr Laufen ca. 3 km asph. Wege (freiw.) 20.15-20.45 Basketball 20.15-21.10 Kondition-Gymnastik 21.10-21.45 Zirkeltraining cool down: 21.45-22.00 Uhr Basketball &nbsp; Zikeltraining und Ballspiele [&hellip;]<\/p>\n","protected":false},"author":1,"featured_media":0,"parent":17,"menu_order":0,"comment_status":"closed","ping_status":"closed","template":"","meta":{"ngg_post_thumbnail":0,"footnotes":""},"class_list":["post-63","page","type-page","status-publish","hentry"],"_links":{"self":[{"href":"https:\/\/tg-rudersdorf.de\/index.php?rest_route=\/wp\/v2\/pages\/63","targetHints":{"allow":["GET"]}}],"collection":[{"href":"https:\/\/tg-rudersdorf.de\/index.php?rest_route=\/wp\/v2\/pages"}],"about":[{"href":"https:\/\/tg-rudersdorf.de\/index.php?rest_route=\/wp\/v2\/types\/page"}],"author":[{"embeddable":true,"href":"https:\/\/tg-rudersdorf.de\/index.php?rest_route=\/wp\/v2\/users\/1"}],"replies":[{"embeddable":true,"href":"https:\/\/tg-rudersdorf.de\/index.php?rest_route=%2Fwp%2Fv2%2Fcomments&post=63"}],"version-history":[{"count":10,"href":"https:\/\/tg-rudersdorf.de\/index.php?rest_route=\/wp\/v2\/pages\/63\/revisions"}],"predecessor-version":[{"id":1951,"href":"https:\/\/tg-rudersdorf.de\/index.php?rest_route=\/wp\/v2\/pages\/63\/revisions\/1951"}],"up":[{"embeddable":true,"href":"https:\/\/tg-rudersdorf.de\/index.php?rest_route=\/wp\/v2\/pages\/17"}],"wp:attachment":[{"href":"https:\/\/tg-rudersdorf.de\/index.php?rest_route=%2Fwp%2Fv2%2Fmedia&parent=63"}],"curies":[{"name":"wp","href":"https:\/\/api.w.org\/{rel}","templated":true}]}}